{"id":270,"date":"2015-05-20T12:03:25","date_gmt":"2015-05-20T11:03:25","guid":{"rendered":"http:\/\/menreva.com\/?page_id=270"},"modified":"2020-04-09T10:02:16","modified_gmt":"2020-04-09T09:02:16","slug":"our-team","status":"publish","type":"page","link":"https:\/\/menreva.com\/?page_id=270","title":{"rendered":"Exp\u00e9rience &#8211; Parcours"},"content":{"rendered":"<p><section data-parallax-background-speed=\"5\"  class=\"fw-main-row-custom fw-main-row-top fw-section-no-padding  fw_theme_bg_fw-custom fw-section-image auto fw-content-vertical-align-middle parallax-section fw-section-position-back tf-sh-f5b07bf05cf6e01f9c633c35570d3e99\"  style=\" background-image:url(\/\/menreva.com\/wp-content\/uploads\/2016\/07\/Image-26-05-2016-at-19.16.jpg); background-repeat: no-repeat; background-position: center center; background-size: cover;\"  >\n\t\t<div class=\"fw-main-row-overlay fw_theme_bg_color_1\" style=\"opacity: 0.1;\"><\/div>\t<div class=\"fw-container-fluid\" >\n\t\t<div class=\"fw-row\">\n\t<div id=\"column-69e172438edac\" class=\"fw-col-sm-12 tf-sh-40def193e3189c5a731414a2b513ec5b\" >\n\t<div class=\"fw-wrap-col-inner clearfix  \"   >\n\t\t\t\t<div class=\"fw-col-inner\">\n\t\t\t<div class=\"fw-heading fw-heading-center  fw-heading-with-subtitle tf-sh-051e3bc6593727bf3f95f29900e6acb0\" >\n\t\t\t<h1 class=\"fw-special-title\">Un parcours<\/h1>\n\t\n\t\n\t\t\t<div class=\"fw-special-subtitle\">Rigueur, T\u00e9nacit\u00e9, Fiabilit\u00e9<\/div>\n\t<\/div>\t\t<\/div>\n\t<\/div>\n<\/div><\/div>\n\n\t<\/div>\n\t<\/section><section   class=\"fw-main-row-custom fw-section-no-padding  auto  fw-section-position-back tf-sh-a57ad64085fec2482b5088aabb8956d0\"    >\n\t\t\t<div class=\"fw-container\" >\n\t\t<div class=\"fw-row\">\n\t<div id=\"column-69e172438f409\" class=\"fw-col-sm-12 tf-sh-16022b4ce35d1ac6dd2e879224b38824\" >\n\t<div class=\"fw-wrap-col-inner clearfix  \"   >\n\t\t\t\t<div class=\"fw-col-inner\">\n\t\t\t<div class=\"fw-heading fw-heading-center  tf-sh-47cf2567725bb042341876e9b7162545\" >\n\t\t\t<h3 class=\"fw-special-title\">Une exp\u00e9rience de plus de 30 ans<\/h3>\n\t\n\t\n\t<\/div>\t\t<\/div>\n\t<\/div>\n<\/div><\/div>\n\n<div class=\"fw-row\">\n\t<div id=\"column-69e172438f649\" class=\"fw-col-sm-12 tf-sh-2dd765e0190217d46cee30eb9f3a9747\" >\n\t<div class=\"fw-wrap-col-inner clearfix  \"   >\n\t\t\t\t<div class=\"fw-col-inner\">\n\t\t\t<div class=\"fw-divider-space space-sm  clearfix\"  ><\/div>\t\t<\/div>\n\t<\/div>\n<\/div><\/div>\n\n<div class=\"fw-row\">\n\t<div id=\"column-69e172438f9f7\" class=\"fw-col-sm-3 fw-mobile-hide-element tf-sh-dfde7882efac8de13c9e9b241f926fff\" >\n\t<div class=\"fw-wrap-col-inner clearfix  \"   >\n\t\t\t\t<div class=\"fw-col-inner\">\n\t\t\t\t\t<\/div>\n\t<\/div>\n<\/div><div id=\"column-69e172438fac8\" class=\"fw-col-sm-6 tf-sh-e07e99025298ba7509725f074911443e\" >\n\t<div class=\"fw-wrap-col-inner clearfix  \"   >\n\t\t\t\t<div class=\"fw-col-inner\">\n\t\t\t<div class=\"fw-text-box tf-sh-a6992a3e40eceb8fc78226aedc031e7d \" >\n\t<div class=\"fw-text-inner\">\n\t\t<p style=\"text-align: center;\">En entreprises et en conseil dans le secteur des Services Financiers : Assurance (IARD, Vie Sant\u00e9\/Pr\u00e9voyance), Mutuelles, Institutions de Pr\u00e9voyance, Assistance, Banque.<\/p>\n\t<\/div>\n<\/div>\t\t<\/div>\n\t<\/div>\n<\/div><div id=\"column-69e172438fdd6\" class=\"fw-col-sm-3 fw-mobile-hide-element tf-sh-768352333091c588a6bea349e552650c\" >\n\t<div class=\"fw-wrap-col-inner clearfix  \"   >\n\t\t\t\t<div class=\"fw-col-inner\">\n\t\t\t\t\t<\/div>\n\t<\/div>\n<\/div><\/div>\n\n<div class=\"fw-row\">\n\t<div id=\"column-69e172438ff4b\" class=\"fw-col-sm-12 fw-mobile-hide-element tf-sh-a4a22981be780d47167611f3e53c2d07\" >\n\t<div class=\"fw-wrap-col-inner clearfix  \"   >\n\t\t\t\t<div class=\"fw-col-inner\">\n\t\t\t\t\t<\/div>\n\t<\/div>\n<\/div><\/div>\n\n<div class=\"fw-row\">\n\t<div id=\"column-69e17243900f3\" class=\"fw-col-sm-6 fw-col-md-4 tf-sh-3da29d0c2c279c8465845bf61c655f80\" >\n\t<div class=\"fw-wrap-col-inner clearfix  \"   >\n\t\t\t\t<div class=\"fw-col-inner\">\n\t\t\t\t<div class=\"fw-team tf-sh-8d7993629ee5091185e57ceb465045d1  fw-content-align-center fw-animated-element fw-team-member-type-1\"  data-animation-type=\"zoomIn\" data-animation-delay=\"300\">\n\t\t\t\t\t<div style=\"width: 150px;\" class=\"fw-team-image fw-block-image-parent \">\n\t\t\t\t<div class=\"fw-block-image-child fw-noratio fw-ratio-container\"><noscript itemscope itemtype=\"https:\/\/schema.org\/ImageObject\" itemprop=\"image\"><img decoding=\"async\" src=\"https:\/\/menreva.com\/wp-content\/uploads\/2016\/06\/Logo_YellowRed_2_150.png\"  alt=\"Logo_YellowRed_2_150\" data-maxdpr=\"1.7\" width=\"150\" class=\"lazyload\" \/><meta itemprop=\"url\" content=\"https:\/\/menreva.com\/wp-content\/uploads\/2016\/06\/Logo_YellowRed_2_150.png\"><meta itemprop=\"width\" content=\"150\"><meta itemprop=\"height\" content=\"59\"><\/noscript><img decoding=\"async\" src=\"data:image\/gif;base64,R0lGODlhAQABAIAAAAAAAP\/\/\/yH5BAEAAAAALAAAAAABAAEAAAIBRAA7\" data-sizes=\"auto\" data-srcset=\"https:\/\/menreva.com\/wp-content\/uploads\/2016\/06\/Logo_YellowRed_2_150.png\"   alt=\"Logo_YellowRed_2_150\" data-maxdpr=\"1.7\" width=\"150\" class=\"lazyload\" \/><span class=\"fw-after-no-ratio\" style=\"padding-bottom: 39.333333333333%\"><\/span><\/div>\n\t\t\t<\/div>\n\t\t\n\t\t<div class=\"fw-team-inner\" style=\"\">\n\t\t\t<div class=\"fw-team-name\">\n\t\t\t\t\t\t\t\t\t<h5>Pr\u00e9sident<\/h5>\n\t\t\t\t\t\t\t\t\t\t\t\t\t<span>Menreva Management Consulting<\/span>\n\t\t\t\t\t\t\t<\/div>\n\n\t\t\t\n\t\t\t\t\t\t\t<div class=\"fw-team-socials clearfix\">\n\t\t\t\t\t\t\t\t\t\t\t<a target=\"_blank\" href=\"https:\/\/www.linkedin.com\/company\/10916468?trk=prof-exp-company-name\">\n\t\t\t\t\t\t\t<i style=\" font-size: 25px; color:#1e73be;\" class=\"fa fa-linkedin-square \"><\/i>\t\t\t\t\t\t<\/a>\n\t\t\t\t\t\t\t\t\t<\/div>\n\t\t\t\t\t<\/div>\n\t<\/div>\n\t\t<\/div>\n\t<\/div>\n<\/div><div id=\"column-69e1724390caa\" class=\"fw-col-sm-6 fw-col-md-4 tf-sh-ca53efd132c4c20b7d6f655d593e6d32\" >\n\t<div class=\"fw-wrap-col-inner clearfix  \"   >\n\t\t\t\t<div class=\"fw-col-inner\">\n\t\t\t\t<div class=\"fw-team tf-sh-4efe998b9d97bf2a4779aacd32d3a60e  fw-content-align-center fw-team-member-type-1\" >\n\t\t\t\t\t<div style=\"width: 150px;\" class=\"fw-team-image fw-block-image-parent \">\n\t\t\t\t<div class=\"fw-block-image-child fw-ratio-2-3 fw-ratio-container\"><noscript itemscope itemtype=\"https:\/\/schema.org\/ImageObject\" itemprop=\"image\"><img decoding=\"async\" src=\"https:\/\/menreva.com\/wp-content\/uploads\/2018\/08\/00D0ED12-F3B9-4B93-BC8A-B144E1E517B7.jpeg\"  alt=\"00D0ED12-F3B9-4B93-BC8A-B144E1E517B7\" data-maxdpr=\"1.7\" width=\"150\" class=\"lazyload\" \/><meta itemprop=\"url\" content=\"https:\/\/menreva.com\/wp-content\/uploads\/2018\/08\/00D0ED12-F3B9-4B93-BC8A-B144E1E517B7.jpeg\"><meta itemprop=\"width\" content=\"2832\"><meta itemprop=\"height\" content=\"4256\"><\/noscript><img decoding=\"async\" src=\"data:image\/gif;base64,R0lGODlhAQABAIAAAAAAAP\/\/\/yH5BAEAAAAALAAAAAABAAEAAAIBRAA7\" data-sizes=\"auto\" data-srcset=\"https:\/\/menreva.com\/wp-content\/uploads\/2018\/08\/00D0ED12-F3B9-4B93-BC8A-B144E1E517B7-200x300.jpeg 200w, https:\/\/menreva.com\/wp-content\/uploads\/2018\/08\/00D0ED12-F3B9-4B93-BC8A-B144E1E517B7-768x1154.jpeg 768w, https:\/\/menreva.com\/wp-content\/uploads\/2018\/08\/00D0ED12-F3B9-4B93-BC8A-B144E1E517B7-681x1024.jpeg 681w, https:\/\/menreva.com\/wp-content\/uploads\/2018\/08\/00D0ED12-F3B9-4B93-BC8A-B144E1E517B7.jpeg 2832w\"   alt=\"00D0ED12-F3B9-4B93-BC8A-B144E1E517B7\" data-maxdpr=\"1.7\" width=\"150\" class=\"lazyload\" \/><\/div>\n\t\t\t<\/div>\n\t\t\n\t\t<div class=\"fw-team-inner\" style=\"\">\n\t\t\t<div class=\"fw-team-name\">\n\t\t\t\t\t\t\t\t\t<h5>Patrick Girard<\/h5>\n\t\t\t\t\t\t\t\t\t\t\t<\/div>\n\n\t\t\t\n\t\t\t\t\t\t\t<div class=\"fw-team-socials clearfix\">\n\t\t\t\t\t\t\t\t\t\t\t<a target=\"_blank\" href=\"https:\/\/fr.linkedin.com\/in\/girardpatrick\">\n\t\t\t\t\t\t\t<i style=\" font-size: 25px; color:#1e73be;\" class=\"fa fa-linkedin-square \"><\/i>\t\t\t\t\t\t<\/a>\n\t\t\t\t\t\t\t\t\t<\/div>\n\t\t\t\t\t<\/div>\n\t<\/div>\n\t\t<\/div>\n\t<\/div>\n<\/div><div id=\"column-69e17243916ce\" class=\"fw-col-sm-6 fw-col-md-4 tf-sh-40addb314304ce9848d33dea629258b3\" >\n\t<div class=\"fw-wrap-col-inner clearfix  \"   >\n\t\t\t\t<div class=\"fw-col-inner\">\n\t\t\t\t<div class=\"fw-team tf-sh-01ac80c006c0d21e8f0f115cfca178f8  fw-content-align-center fw-animated-element fw-team-member-type-1\"  data-animation-type=\"zoomIn\" data-animation-delay=\"300\">\n\t\t\t\t\t<div style=\"width: 150px;\" class=\"fw-team-image fw-block-image-parent \">\n\t\t\t\t<div class=\"fw-block-image-child fw-noratio fw-ratio-container\"><noscript itemscope itemtype=\"https:\/\/schema.org\/ImageObject\" itemprop=\"image\"><img decoding=\"async\" src=\"https:\/\/menreva.com\/wp-content\/uploads\/2016\/07\/Logo-Quinten-ENG-noir-vectoris\u00e9.jpg\"  alt=\"Logo Quinten ENG-noir-vectoris\u00e9\" data-maxdpr=\"1.7\" width=\"150\" class=\"lazyload\" \/><meta itemprop=\"url\" content=\"https:\/\/menreva.com\/wp-content\/uploads\/2016\/07\/Logo-Quinten-ENG-noir-vectoris\u00e9.jpg\"><meta itemprop=\"width\" content=\"423\"><meta itemprop=\"height\" content=\"110\"><\/noscript><img decoding=\"async\" src=\"data:image\/gif;base64,R0lGODlhAQABAIAAAAAAAP\/\/\/yH5BAEAAAAALAAAAAABAAEAAAIBRAA7\" data-sizes=\"auto\" data-srcset=\"https:\/\/menreva.com\/wp-content\/uploads\/2016\/07\/Logo-Quinten-ENG-noir-vectoris\u00e9.jpg\"   alt=\"Logo Quinten ENG-noir-vectoris\u00e9\" data-maxdpr=\"1.7\" width=\"150\" class=\"lazyload\" \/><span class=\"fw-after-no-ratio\" style=\"padding-bottom: 26.004728132388%\"><\/span><\/div>\n\t\t\t<\/div>\n\t\t\n\t\t<div class=\"fw-team-inner\" style=\"\">\n\t\t\t<div class=\"fw-team-name\">\n\t\t\t\t\t\t\t\t\t<h5>Membre du Board de Quinten<\/h5>\n\t\t\t\t\t\t\t\t\t\t\t\t\t<span>Soci\u00e9t\u00e9 sp\u00e9cialis\u00e9e dans la valorisation des donn\u00e9es (Data Sciences)<\/span>\n\t\t\t\t\t\t\t<\/div>\n\n\t\t\t\n\t\t\t\t\t\t\t<div class=\"fw-team-socials clearfix\">\n\t\t\t\t\t\t\t\t\t\t\t<a target=\"_blank\" href=\"https:\/\/www.linkedin.com\/company\/quinten\">\n\t\t\t\t\t\t\t<i style=\" font-size: 25px; color:#1e73be;\" class=\"fa fa-linkedin-square \"><\/i>\t\t\t\t\t\t<\/a>\n\t\t\t\t\t\t\t\t\t\t\t<a target=\"_blank\" href=\"https:\/\/twitter.com\/QuintenFrance\">\n\t\t\t\t\t\t\t<i style=\" font-size: 25px; color:#1e73be; font-size: 25px; color:#207dcf;\" class=\"fa fa-twitter-square \"><\/i>\t\t\t\t\t\t<\/a>\n\t\t\t\t\t\t\t\t\t<\/div>\n\t\t\t\t\t<\/div>\n\t<\/div>\n\t\t<\/div>\n\t<\/div>\n<\/div><\/div>\n\n<div class=\"fw-row\">\n\t<div id=\"column-69e1724391eb8\" class=\"fw-col-sm-12 fw-mobile-hide-element tf-sh-cf6b07e3e4aa4bc607d736834f56cf4e  fw-col-no-padding\" >\n\t<div class=\"fw-wrap-col-inner clearfix  \"   >\n\t\t\t\t<div class=\"fw-col-inner\">\n\t\t\t<div class=\"fw-divider-space  fw-custom-space  clearfix\" style=\"height:50px;\" ><\/div>\t\t<\/div>\n\t<\/div>\n<\/div><\/div>\n\n<div class=\"fw-row\">\n\t<div id=\"column-69e1724392093\" class=\"fw-col-sm-6 fw-col-md-8 tf-sh-96ba5b03e2be8e2269e03704106dcb3e\" >\n\t<div class=\"fw-wrap-col-inner clearfix  \"   >\n\t\t\t\t<div class=\"fw-col-inner\">\n\t\t\t\t<div class=\"fw-team tf-sh-c9d26c0312819c3ff573eaa1bb10ffdf  fw-content-align-center fw-animated-element fw-team-member-type-1\"  data-animation-type=\"zoomIn\" data-animation-delay=\"300\">\n\t\t\t\t\t<div style=\"width: 100%;\" class=\"fw-team-image fw-block-image-parent \">\n\t\t\t\t<div class=\"fw-block-image-child fw-noratio fw-ratio-container\"><noscript itemscope itemtype=\"https:\/\/schema.org\/ImageObject\" itemprop=\"image\"><img decoding=\"async\" src=\"https:\/\/menreva.com\/wp-content\/uploads\/2016\/07\/carriere.jpg\"  alt=\"carriere\" data-maxdpr=\"1.7\" class=\"lazyload\" \/><meta itemprop=\"url\" content=\"https:\/\/menreva.com\/wp-content\/uploads\/2016\/07\/carriere.jpg\"><meta itemprop=\"width\" content=\"897\"><meta itemprop=\"height\" content=\"490\"><\/noscript><img decoding=\"async\" src=\"data:image\/gif;base64,R0lGODlhAQABAIAAAAAAAP\/\/\/yH5BAEAAAAALAAAAAABAAEAAAIBRAA7\" data-sizes=\"auto\" data-srcset=\"https:\/\/menreva.com\/wp-content\/uploads\/2016\/07\/carriere.jpg\"   alt=\"carriere\" data-maxdpr=\"1.7\" class=\"lazyload\" \/><span class=\"fw-after-no-ratio\" style=\"padding-bottom: 54.626532887402%\"><\/span><\/div>\n\t\t\t<\/div>\n\t\t\n\t\t<div class=\"fw-team-inner\" style=\"\">\n\t\t\t<div class=\"fw-team-name\">\n\t\t\t\t\t\t\t\t\t\t\t<\/div>\n\n\t\t\t\n\t\t\t\t\t<\/div>\n\t<\/div>\n\t\t<\/div>\n\t<\/div>\n<\/div><div id=\"column-69e17243927fd\" class=\"fw-col-sm-6 fw-col-md-4 tf-sh-d97cd78d4ee9347243b2860c74ebd5b5\" >\n\t<div class=\"fw-wrap-col-inner clearfix  \"   >\n\t\t\t\t<div class=\"fw-col-inner\">\n\t\t\t\t<div class=\"fw-team tf-sh-8e56725ece02b185e1a5827709daf1ce  fw-content-align-center fw-animated-element fw-team-member-type-1\"  data-animation-type=\"zoomIn\" data-animation-delay=\"300\">\n\t\t\n\t\t<div class=\"fw-team-inner\" style=\"\">\n\t\t\t<div class=\"fw-team-name\">\n\t\t\t\t\t\t\t\t\t\t\t\t\t<span>Domaines d'expertises<\/span>\n\t\t\t\t\t\t\t<\/div>\n\n\t\t\t\t\t\t\t<div class=\"fw-team-text\"><p>&nbsp;<\/p><ul><li style=\"text-align: justify;\">L'analyse et la d\u00e9finition de strat\u00e9gies op\u00e9rationnelles,<\/li><\/ul><ul><li style=\"text-align: justify;\">La conduite, le management et l'accompagnement de projets pluridisciplinaires depuis la conception jusqu'\u00e0 la mise en \u0153uvre op\u00e9rationnelle en m\u00ealant processus, SI et organisation avec une expertise forte autour des aspects finance et controlling.<\/li><\/ul><\/div>\n\t\t\t\n\t\t\t\t\t<\/div>\n\t<\/div>\n\t\t<\/div>\n\t<\/div>\n<\/div><\/div>\n\n\t<\/div>\n\t<\/section><section   class=\"fw-main-row-custom  fw_theme_bg_fw-custom fw-section-image fw-section-height-md  fw-section-position-back tf-sh-91adac386e3cd27b30e21fdea715766d\"  style=\" background-image:url(\/\/menreva.com\/wp-content\/uploads\/2016\/07\/Image-26-05-2016-at-19.16.jpg); background-repeat: no-repeat; background-position: center center; background-size: cover;\"  >\n\t\t\t<div class=\"fw-container\" >\n\t\t<div class=\"fw-row\">\n\t<div id=\"column-69e1724392d27\" class=\"fw-col-sm-12 tf-sh-2dd765e0190217d46cee30eb9f3a9747\" >\n\t<div class=\"fw-wrap-col-inner clearfix  \"   >\n\t\t\t\t<div class=\"fw-col-inner\">\n\t\t\t<div class=\"fw-heading fw-heading-center  tf-sh-7c010b1dce203c4bf8f382c698276910\" >\n\t\t\t<h3 class=\"fw-special-title\">Les soci\u00e9t\u00e9s qui nous ont fait confiance...<\/h3>\n\t\n\t\n\t<\/div>\t\t<\/div>\n\t<\/div>\n<\/div><\/div>\n\n<div class=\"fw-row\">\n\t<div id=\"column-69e1724392f6d\" class=\"fw-col-sm-12 tf-sh-2dd765e0190217d46cee30eb9f3a9747\" >\n\t<div class=\"fw-wrap-col-inner clearfix  \"   >\n\t\t\t\t<div class=\"fw-col-inner\">\n\t\t\t\n\t\t\t<!-- START Logos Clients REVOLUTION SLIDER 6.1.8 --><p class=\"rs-p-wp-fix\"><\/p>\n\t\t\t<rs-module-wrap id=\"rev_slider_2_1_wrapper\" data-source=\"gallery\" style=\"background:transparent;padding:0;margin:0px auto;margin-top:0;margin-bottom:0;max-width:\">\n\t\t\t\t<rs-module id=\"rev_slider_2_1\" class=\" rs-ov-hidden\" style=\"display:none;\" data-version=\"6.1.8\">\n\t\t\t\t\t<rs-slides>\n\t\t\t\t\t\t<rs-slide data-key=\"rs-5\" data-title=\"Slide 1\" data-thumb=\"\/\/menreva.com\/wp-content\/uploads\/2015\/05\/Logo-5.png\" data-duration=\"4000ms\" data-anim=\"ei:d;eo:d;s:1000ms;r:0;t:slideright;sl:d;\">\n\t\t\t\t\t\t\t<img loading=\"lazy\" decoding=\"async\" src=\"\/\/menreva.com\/wp-content\/plugins\/revslider\/public\/assets\/assets\/transparent.png\" width=\"1920\" height=\"1080\" class=\"rev-slidebg\" data-no-retina>\n<!--\n\t\t\t\t\t\t\t--><rs-layer\n\t\t\t\t\t\t\t\tid=\"slider-2-slide-5-layer-2\" \n\t\t\t\t\t\t\t\tdata-type=\"image\"\n\t\t\t\t\t\t\t\tdata-rsp_ch=\"on\"\n\t\t\t\t\t\t\t\tdata-xy=\"x:c;\"\n\t\t\t\t\t\t\t\tdata-text=\"l:22;\"\n\t\t\t\t\t\t\t\tdata-dim=\"w:956px;h:81px;\"\n\t\t\t\t\t\t\t\tdata-frame_0=\"x:-50;\"\n\t\t\t\t\t\t\t\tdata-frame_1=\"sp:1000;\"\n\t\t\t\t\t\t\t\tdata-frame_999=\"x:50;o:0;e:Power1.easeIn;st:3810;sp:700;sR:2810;\"\n\t\t\t\t\t\t\t\tdata-tloop=\"r:1;\"\n\t\t\t\t\t\t\t\tstyle=\"z-index:5;\"\n\t\t\t\t\t\t\t><img loading=\"lazy\" decoding=\"async\" src=\"\/\/menreva.com\/wp-content\/uploads\/2016\/08\/Ref-1.png\" width=\"1471\" height=\"153\" data-no-retina> \n\t\t\t\t\t\t\t<\/rs-layer><!--\n-->\t\t\t\t\t\t<\/rs-slide>\n\t\t\t\t\t\t<rs-slide data-key=\"rs-31\" data-title=\"Slide 2\" data-duration=\"4000ms\" data-anim=\"ei:d;eo:d;s:d;r:0;t:slideleft;sl:d;\">\n\t\t\t\t\t\t\t<img decoding=\"async\" src=\"\/\/menreva.com\/wp-content\/plugins\/revslider\/public\/assets\/assets\/transparent.png\" title=\"Exp\u00e9rience &#8211; Parcours\" class=\"rev-slidebg\" data-no-retina>\n<!--\n\t\t\t\t\t\t\t--><rs-layer\n\t\t\t\t\t\t\t\tid=\"slider-2-slide-31-layer-1\" \n\t\t\t\t\t\t\t\tdata-type=\"image\"\n\t\t\t\t\t\t\t\tdata-rsp_ch=\"on\"\n\t\t\t\t\t\t\t\tdata-xy=\"x:c;\"\n\t\t\t\t\t\t\t\tdata-text=\"l:22;\"\n\t\t\t\t\t\t\t\tdata-dim=\"w:959px;h:70px;\"\n\t\t\t\t\t\t\t\tdata-frame_0=\"x:-50;\"\n\t\t\t\t\t\t\t\tdata-frame_1=\"sp:1000;\"\n\t\t\t\t\t\t\t\tdata-frame_999=\"x:50;o:0;e:Power1.easeIn;st:3810;sp:700;sR:2610;\"\n\t\t\t\t\t\t\t\tstyle=\"z-index:8;\"\n\t\t\t\t\t\t\t><img loading=\"lazy\" decoding=\"async\" src=\"\/\/menreva.com\/wp-content\/uploads\/2016\/08\/Ref-2.png\" width=\"1494\" height=\"106\" data-no-retina> \n\t\t\t\t\t\t\t<\/rs-layer><!--\n-->\t\t\t\t\t\t<\/rs-slide>\n\t\t\t\t\t<\/rs-slides>\n\t\t\t\t\t<rs-progress class=\"rs-bottom\" style=\"visibility: hidden !important;\"><\/rs-progress>\n\t\t\t\t<\/rs-module>\n\t\t\t\t<script type=\"text\/javascript\">\n\t\t\t\t\tsetREVStartSize({c: 'rev_slider_2_1',rl:[1240,1024,778,480],el:[200],gw:[960],gh:[200],type:'standard',justify:'',layout:'fullwidth',mh:\"0\"});\n\t\t\t\t\tvar\trevapi2,\n\t\t\t\t\t\ttpj;\n\t\t\t\t\tjQuery(function() {\n\t\t\t\t\t\ttpj = jQuery;\n\t\t\t\t\t\tif(tpj(\"#rev_slider_2_1\").revolution == undefined){\n\t\t\t\t\t\t\trevslider_showDoubleJqueryError(\"#rev_slider_2_1\");\n\t\t\t\t\t\t}else{\n\t\t\t\t\t\t\trevapi2 = tpj(\"#rev_slider_2_1\").show().revolution({\n\t\t\t\t\t\t\t\tjsFileLocation:\"\/\/menreva.com\/wp-content\/plugins\/revslider\/public\/assets\/js\/\",\n\t\t\t\t\t\t\t\tduration:\"4000ms\",\n\t\t\t\t\t\t\t\tvisibilityLevels:\"1240,1024,778,480\",\n\t\t\t\t\t\t\t\tgridwidth:960,\n\t\t\t\t\t\t\t\tgridheight:200,\n\t\t\t\t\t\t\t\tautoHeight:true,\n\t\t\t\t\t\t\t\tspinner:\"spinner0\",\n\t\t\t\t\t\t\t\teditorheight:\"200,768,960,720\",\n\t\t\t\t\t\t\t\tresponsiveLevels:\"1240,1024,778,480\",\n\t\t\t\t\t\t\t\tdisableProgressBar:\"on\",\n\t\t\t\t\t\t\t\tstartWithSlide:1,\n\t\t\t\t\t\t\t\tnavigation: {\n\t\t\t\t\t\t\t\t\tkeyboardNavigation:true,\n\t\t\t\t\t\t\t\t\tmouseScrollNavigation:\"on\",\n\t\t\t\t\t\t\t\t\tonHoverStop:false,\n\t\t\t\t\t\t\t\t\ttouch: {\n\t\t\t\t\t\t\t\t\t\ttouchenabled:true\n\t\t\t\t\t\t\t\t\t},\n\t\t\t\t\t\t\t\t\tbullets: {\n\t\t\t\t\t\t\t\t\t\tenable:true,\n\t\t\t\t\t\t\t\t\t\ttmp:\"<span class=\\\"tp-bullet-image\\\"><\/span>\",\n\t\t\t\t\t\t\t\t\t\tstyle:\"hebe\",\n\t\t\t\t\t\t\t\t\t\thide_onleave:true,\n\t\t\t\t\t\t\t\t\t\tv_offset:30,\n\t\t\t\t\t\t\t\t\t\tspace:10,\n\t\t\t\t\t\t\t\t\t\tcontainer:\"layergrid\"\n\t\t\t\t\t\t\t\t\t}\n\t\t\t\t\t\t\t\t},\n\t\t\t\t\t\t\t\tfallbacks: {\n\t\t\t\t\t\t\t\t\tallowHTML5AutoPlayOnAndroid:true\n\t\t\t\t\t\t\t\t},\n\t\t\t\t\t\t\t});\n\t\t\t\t\t\t}\n\t\t\t\t\t\t\n\t\t\t\t\t});\n\t\t\t\t<\/script>\n\t\t\t\t<script>\n\t\t\t\t\tvar htmlDivCss = unescape(\"%0A%23rev_slider_2_1_wrapper%20.hebe.tp-bullets%3Abefore%20%7B%0A%20%20content%3A%27%20%27%3B%0A%20%20position%3Aabsolute%3B%0A%20%20width%3A100%25%3B%0A%20%20height%3A100%25%3B%0A%20%20background%3Atransparent%3B%0A%20%20padding%3A10px%3B%0A%20%20margin-left%3A-10px%3Bmargin-top%3A-10px%3B%0A%20%20box-sizing%3Acontent-box%3B%0A%7D%0A%0A%23rev_slider_2_1_wrapper%20.hebe%20.tp-bullet%20%7B%0A%20%20width%3A3px%3B%0A%20%20height%3A3px%3B%0A%20%20position%3Aabsolute%3B%0A%20%20background%3A%23ffffff%3B%20%20%0A%20%20cursor%3A%20pointer%3B%0A%20%20border%3A5px%20solid%20%23000000%3B%0A%20%20border-radius%3A50%25%3B%0A%20%20box-sizing%3Acontent-box%3B%0A%20%20-webkit-perspective%3A400%3B%0A%20%20perspective%3A400%3B%0A%20%20-webkit-transform%3Atranslatez%280.01px%29%3B%0A%20%20transform%3Atranslatez%280.01px%29%3B%0A%20%20%20transition%3Aall%200.3s%3B%0A%7D%0A%23rev_slider_2_1_wrapper%20.hebe%20.tp-bullet%3Ahover%2C%0A%23rev_slider_2_1_wrapper%20.hebe%20.tp-bullet.selected%20%7B%0A%20%20background%3A%23000000%3B%0A%20%20border-color%3A%23ffffff%3B%0A%7D%0A%0A%23rev_slider_2_1_wrapper%20.hebe%20.tp-bullet-image%20%7B%0A%20%20position%3Aabsolute%3B%0A%20%20width%3A70px%3B%0A%20%20height%3A70px%3B%0A%20%20background-position%3Acenter%20center%3B%0A%20%20background-size%3Acover%3B%0A%20%20visibility%3Ahidden%3B%0A%20%20opacity%3A0%3B%0A%20%20bottom%3A3px%3B%0A%20%20transition%3Aall%200.3s%3B%0A%20%20-webkit-transform-style%3Aflat%3B%0A%20%20transform-style%3Aflat%3B%0A%20%20perspective%3A600%3B%0A%20%20-webkit-perspective%3A600%3B%0A%20%20transform%3A%20scale%280%29%20translateX%28-50%25%29%20translateY%280%25%29%3B%0A%20%20-webkit-transform%3A%20scale%280%29%20translateX%28-50%25%29%20translateY%280%25%29%3B%0A%20%20transform-origin%3A0%25%20100%25%3B%0A%20%20-webkit-transform-origin%3A0%25%20100%25%3B%0A%20%20margin-bottom%3A15px%3B%0A%20border-radius%3A6px%3B%0A%7D%0A%23rev_slider_2_1_wrapper%20.hebe%20.tp-bullet%3Ahover%20.tp-bullet-image%20%7B%0A%20%20display%3Ablock%3B%0A%20%20opacity%3A1%3B%0A%20%20transform%3A%20scale%281%29%20translateX%28-50%25%29%20translateY%280%25%29%3B%0A%20%20-webkit-transform%3A%20scale%281%29%20translateX%28-50%25%29%20translateY%280%25%29%3B%0A%20%20visibility%3Avisible%3B%0A%7D%0A%0A%0A%2F%2A%20VERTICAL%20%2A%2F%0A%0A%23rev_slider_2_1_wrapper%20.hebe.nav-dir-vertical%20.tp-bullet-image%20%7B%0A%20%20bottom%3Aauto%3B%0A%20%20margin-right%3A15px%3B%0A%20%20margin-bottom%3A0px%3B%0A%20%20right%3A3px%3B%0A%20%20transform%3A%20scale%280%29%20translateX%280px%29%20translateY%28-50%25%29%3B%0A%20%20-webkit-transform%3A%20scale%280%29%20translateX%280px%29%20translateY%28-50%25%29%3B%0A%20%20transform-origin%3A100%25%200%25%3B%0A%20%20-webkit-transform-origin%3A100%25%200%25%3B%0A%7D%0A%0A%23rev_slider_2_1_wrapper%20.hebe.nav-dir-vertical%20.tp-bullet%3Ahover%20.tp-bullet-image%20%7B%0A%20%20transform%3A%20scale%281%29%20translateX%280px%29%20translateY%28-50%25%29%3B%0A%20%20-webkit-transform%3A%20scale%281%29%20translateX%280px%29%20translateY%28-50%25%29%3B%0A%7D%0A%0A%2F%2A%20VERTICAL%20LEFT%20%2A%2F%0A%0A%23rev_slider_2_1_wrapper%20.hebe.nav-dir-vertical.nav-pos-hor-left%20.tp-bullet-image%20%7B%0A%20%20bottom%3Aauto%3B%0A%20%20margin-left%3A15px%3B%0A%20%20margin-bottom%3A0px%3B%0A%20%20left%3A3px%3B%0A%20%20transform%3A%20scale%280%29%20translateX%280px%29%20translateY%28-50%25%29%3B%0A%20%20-webkit-transform%3A%20scale%280%29%20translateX%280px%29%20translateY%28-50%25%29%3B%0A%20%20transform-origin%3A0%25%200%25%3B%0A%20%20-webkit-transform-origin%3A0%25%200%25%3B%0A%7D%0A%0A%23rev_slider_2_1_wrapper%20.hebe.nav-dir-vertical.nav-pos-hor-left%20.tp-bullet%3Ahover%20.tp-bullet-image%20%7B%0A%20%20transform%3A%20scale%281%29%20translateX%280px%29%20translateY%28-50%25%29%3B%0A%20%20-webkit-transform%3A%20scale%281%29%20translateX%280px%29%20translateY%28-50%25%29%3B%0A%7D%0A%0A%2F%2A%20HORIZONTAL%20TOP%20%2A%2F%0A%23rev_slider_2_1_wrapper%20.hebe.nav-pos-ver-top.nav-dir-horizontal%20.tp-bullet-image%20%7B%0A%20%20bottom%3Aauto%3B%0A%20%20top%3A3px%3B%0A%20%20transform%3A%20scale%280%29%20translateX%28-50%25%29%20translateY%280%25%29%3B%0A%20%20-webkit-transform%3A%20scale%280%29%20translateX%28-50%25%29%20translateY%280%25%29%3B%0A%20%20transform-origin%3A0%25%200%25%3B%0A%20%20-webkit-transform-origin%3A0%25%200%25%3B%0A%20%20margin-top%3A15px%3B%0A%20%20margin-bottom%3A0px%3B%20%20%0A%7D%0A%23rev_slider_2_1_wrapper%20.hebe.nav-pos-ver-top.nav-dir-horizontal%20.tp-bullet%3Ahover%20.tp-bullet-image%20%7B%0A%20%20transform%3A%20scale%281%29%20translateX%28-50%25%29%20translateY%280%25%29%3B%0A%20%20-webkit-transform%3A%20scale%281%29%20translateX%28-50%25%29%20translateY%280%25%29%3B%0A%7D%0A\");\n\t\t\t\t\tvar htmlDiv = document.getElementById('rs-plugin-settings-inline-css');\n\t\t\t\t\tif(htmlDiv) {\n\t\t\t\t\t\thtmlDiv.innerHTML = htmlDiv.innerHTML + htmlDivCss;\n\t\t\t\t\t}else{\n\t\t\t\t\t\tvar htmlDiv = document.createElement('div');\n\t\t\t\t\t\thtmlDiv.innerHTML = '<style>' + htmlDivCss + '<\/style>';\n\t\t\t\t\t\tdocument.getElementsByTagName('head')[0].appendChild(htmlDiv.childNodes[0]);\n\t\t\t\t\t}\n\t\t\t\t<\/script>\n\t\t\t\t<script>\n\t\t\t\t\tvar htmlDivCss = unescape(\"%23rev_slider_2_1%5Bdata-slideactive%3D%22rs-5%22%5D%20.hebe%20.tp-bullet%7B%0Abackground%3A%20%23ffffff%20%21important%3B%0Aborder%3A%205px%20solid%20%23000000%20%21important%3B%0A%7D%0A%23rev_slider_2_1%5Bdata-slideactive%3D%22rs-5%22%5D%20.hebe%20.tp-bullet%3Ahover%2C%0A%23rev_slider_2_1%5Bdata-slideactive%3D%22rs-5%22%5D%20.hebe%20.tp-bullet.selected%7B%0Aborder-color%3A%20%23ffffff%20%21important%3B%0Abackground%3A%20%23000000%20%21important%3B%0A%7D%0A%0A%0A\");\n\t\t\t\t\tvar htmlDiv = document.getElementById('rs-plugin-settings-inline-css');\n\t\t\t\t\tif(htmlDiv) {\n\t\t\t\t\t\thtmlDiv.innerHTML = htmlDiv.innerHTML + htmlDivCss;\n\t\t\t\t\t}else{\n\t\t\t\t\t\tvar htmlDiv = document.createElement('div');\n\t\t\t\t\t\thtmlDiv.innerHTML = '<style>' + htmlDivCss + '<\/style>';\n\t\t\t\t\t\tdocument.getElementsByTagName('head')[0].appendChild(htmlDiv.childNodes[0]);\n\t\t\t\t\t}\n\t\t\t\t<\/script>\n\t\t\t<\/rs-module-wrap>\n\t\t\t<!-- END REVOLUTION SLIDER -->\n\t\t<\/div>\n\t<\/div>\n<\/div><\/div>\n\n\t<\/div>\n\t<\/section><\/p>\n","protected":false},"excerpt":{"rendered":"<p>Un parcours Rigueur, T\u00e9nacit\u00e9, Fiabilit\u00e9 Une exp\u00e9rience de plus de 30 ans En entreprises et en conseil dans le secteur des Services Financiers : Assurance (IARD, Vie Sant\u00e9\/Pr\u00e9voyance), Mutuelles, Institutions de Pr\u00e9voyance, Assistance, Banque. Pr\u00e9sident Menreva Management Consulting Patrick Girard Membre du Board de Quinten Soci\u00e9t\u00e9 sp\u00e9cialis\u00e9e dans la valorisation des donn\u00e9es (Data Sciences) Domaines [&hellip;]<\/p>\n","protected":false},"author":1,"featured_media":0,"parent":0,"menu_order":0,"comment_status":"closed","ping_status":"closed","template":"visual-builder-template.php","meta":{"_monsterinsights_skip_tracking":false,"_monsterinsights_sitenote_active":false,"_monsterinsights_sitenote_note":"","_monsterinsights_sitenote_category":0,"footnotes":""},"class_list":["post-270","page","type-page","status-publish","hentry"],"aioseo_notices":[],"_links":{"self":[{"href":"https:\/\/menreva.com\/index.php?rest_route=\/wp\/v2\/pages\/270","targetHints":{"allow":["GET"]}}],"collection":[{"href":"https:\/\/menreva.com\/index.php?rest_route=\/wp\/v2\/pages"}],"about":[{"href":"https:\/\/menreva.com\/index.php?rest_route=\/wp\/v2\/types\/page"}],"author":[{"embeddable":true,"href":"https:\/\/menreva.com\/index.php?rest_route=\/wp\/v2\/users\/1"}],"replies":[{"embeddable":true,"href":"https:\/\/menreva.com\/index.php?rest_route=%2Fwp%2Fv2%2Fcomments&post=270"}],"version-history":[{"count":5,"href":"https:\/\/menreva.com\/index.php?rest_route=\/wp\/v2\/pages\/270\/revisions"}],"predecessor-version":[{"id":3889,"href":"https:\/\/menreva.com\/index.php?rest_route=\/wp\/v2\/pages\/270\/revisions\/3889"}],"wp:attachment":[{"href":"https:\/\/menreva.com\/index.php?rest_route=%2Fwp%2Fv2%2Fmedia&parent=270"}],"curies":[{"name":"wp","href":"https:\/\/api.w.org\/{rel}","templated":true}]}}