{"id":3780,"date":"2016-11-26T15:53:16","date_gmt":"2016-11-26T14:53:16","guid":{"rendered":"http:\/\/menreva.com\/?page_id=3780"},"modified":"2016-11-29T12:49:23","modified_gmt":"2016-11-29T11:49:23","slug":"articles-2","status":"publish","type":"page","link":"https:\/\/menreva.com\/?page_id=3780","title":{"rendered":"Articles"},"content":{"rendered":"<section   class=\"fw-main-row  auto  fw-section-position-back\"    >\n\t\t\t<div class=\"fw-container\" >\n\t\t<div class=\"fw-row\">\n\t<div id=\"column-69e161ad4e542\" class=\"fw-col-sm-8 tf-sh-859264eb67701040c59d5d89dfc2fc3a\" >\n\t<div class=\"fw-wrap-col-inner clearfix  \"   >\n\t\t\t\t<div class=\"fw-col-inner\">\n\t\t\t<div class=\"fw-shortcode-latest-posts postlist   fw-portfolio-masonry-on tf-sh-ed85bfa28f481f3999359f438712390c fw-letter-no-caps\"   data-blog-type=\"blog-1\" data-posts-per-page=\"10\" data-category=\"9\" data-page=\"2\" data-max-pages=\"1\" data-blog-view=\"default\" data-columns=\"fw-portfolio-cols-3\" data-extra=''>\n\t<article id=\"post-3721\" class=\"post clearfix post-list-type-1 post-3721 type-post status-publish format-standard hentry category-articles\" itemscope=\"itemscope\" itemtype=\"https:\/\/schema.org\/BlogPosting\" itemprop=\"blogPost\">\n\t\n\t<header class=\"entry-header\">\n\t\t\t\t\t<div class=\"wrap-entry-meta\">\n\t\t\t\t<meta itemscope itemprop=\"mainEntityOfPage\" itemType=\"https:\/\/schema.org\/WebPage\" itemid=\"https:\/\/google.com\/article\" content=\"\" \/>\n\t\t\t\t\t\t\t\t\t<span class=\"entry-date\">\n\t\t\t\t\t\t<a rel=\"bookmark\" href=\"https:\/\/menreva.com\/?p=3721\">\n\t\t\t\t\t\t\t<time itemprop=\"datePublished\" datetime=\"2016-11-23T19:57:20+01:00\">23 novembre 2016<\/time>\n\t\t\t\t\t\t\t<meta itemprop=\"dateModified\" content=\"2016-11-30T21:30:39+01:00\">\n\t\t\t\t\t\t<\/a>\n\t\t\t\t\t<\/span>\n\t\t\t\t\t\t\t\t\t\t\t\t\t\t\t\t\t\t\t<span class=\"separator\">&nbsp;|&nbsp;<\/span>\n\t\t\t\t\t\t\t\t\t\t<span itemscope=\"itemscope\" itemtype=\"https:\/\/schema.org\/Person\" itemprop=\"author\" class=\"author\"> By <a rel=\"author\" href=\"https:\/\/menreva.com\/?author=1\"><span itemprop=\"name\">Patrick GIRARD<\/span><\/a><\/span>\n\t\t\t\t\t<span itemprop=\"publisher\" itemtype=\"https:\/\/schema.org\/Organization\" itemscope=\"\">\n\t\t\t\t\t\t<span itemprop=\"name\" content=\"Menreva\"><\/span>\n\t\t\t\t\t\t<span itemprop=\"logo\" itemscope itemtype=\"https:\/\/schema.org\/ImageObject\">\n\t\t\t\t\t\t\t<meta itemprop=\"url\" content=\"https:\/\/menreva.com\/wp-content\/uploads\/2016\/06\/Logo_YellowRed_1_300.png\">\n\t\t\t\t\t\t<\/span>\n\t\t\t\t\t<\/span>\n\t\t\t\t\t\t\t\t\t\t\t<\/div>\n\t\t\t\t<h5 class=\"entry-title\" itemprop=\"headline\">\n\t\t\t\t\t\t<a href=\"https:\/\/menreva.com\/?p=3721\">Dans le secteur Assurances, comment assurer la r\u00e9volution digitale compte tenu de l&rsquo;\u00e9tat des syst\u00e8mes de gestion et de pilotage ?<\/a>\n\t\t<\/h5>\n\t<\/header>\n\n\t<div class=\"entry-content clearfix\" itemprop=\"text\">\n\t\t<p>23\/11\/2016, Patrick Girard La transformation digitale, est pr\u00e9sent\u00e9e comme une n\u00e9cessit\u00e9 vitale pour les assurances et les mutuelles sous peine de disparaitre de la \u00ab\u00a0terre assurantielle\u00a0\u00bb ou d&rsquo;\u00eatre marginalis\u00e9es. Bien s\u00fbr, ce changement est, \u00e0 plus ou moins long terme, in\u00e9vitable, compte tenu : Des interactions multicanales des clients avec leurs prestataires d&rsquo;assurance ; Du [&hellip;]<\/p>\n\t\t<footer class=\"entry-meta clearfix\">\n\t\t\t\t\t<a href=\"https:\/\/menreva.com\/?p=3721\" class=\"fw-btn-post-read-more-blog fw-btn fw-btn-sm fw-btn-1\" style=\"\">\n\t\t\t<span>\n\t\t\t\t\t\t\t\t\t\t\t\t\t\t\t\t<\/span>\n\t\t<\/a>\n\t\t\t\t            \t\t\t    <a href=\"https:\/\/menreva.com\/?p=3721#comments\" class=\"comments-link fw-comment-link-type-1\"><span>0<\/span><\/a>\n            \t\t\t\t<\/footer>\n\t<\/div>\n<\/article>\n\t\t\t<\/div>\n\t\t<\/div>\n\t<\/div>\n<\/div><div id=\"column-69e161ad52ae5\" class=\"fw-col-sm-4 tf-sh-8e3e38647b134e842eb1fdb9b0662932  fw-animated-element\" data-animation-type=\"fadeInUp\" data-animation-delay=\"300\">\n\t<div class=\"fw-wrap-col-inner clearfix  \"   >\n\t\t\t\t<div class=\"fw-col-inner\">\n\t\t\t<div class=\"text-center\">\t<a href=\"https:\/\/menreva.com\/?p=3721\" target=\"_self\" class=\"fw-btn tf-sh-2c03cac39a5e72c6d7f348cfc03157aa  fw-btn-md   fw-btn-1\"  style=\"\">\n\t\t<span >\n\t\t\tEn Savoir Plus\t\t<\/span>\n\t<\/a>\n<\/div>\t\t<\/div>\n\t<\/div>\n<\/div><\/div>\n\n\t<\/div>\n\t<\/section>\n","protected":false},"excerpt":{"rendered":"<p>23\/11\/2016, Patrick Girard La transformation digitale, est pr\u00e9sent\u00e9e comme une n\u00e9cessit\u00e9 vitale pour les assurances et les mutuelles sous peine de disparaitre de la \u00ab\u00a0terre assurantielle\u00a0\u00bb ou d&rsquo;\u00eatre marginalis\u00e9es. Bien s\u00fbr, ce changement est, \u00e0 plus ou moins long terme, in\u00e9vitable, compte tenu : Des interactions multicanales des clients avec leurs prestataires d&rsquo;assurance ; Du [&hellip;]<\/p>\n","protected":false},"author":1,"featured_media":0,"parent":0,"menu_order":0,"comment_status":"closed","ping_status":"closed","template":"visual-builder-template.php","meta":{"_monsterinsights_skip_tracking":false,"_monsterinsights_sitenote_active":false,"_monsterinsights_sitenote_note":"","_monsterinsights_sitenote_category":0,"footnotes":""},"class_list":["post-3780","page","type-page","status-publish","hentry"],"aioseo_notices":[],"_links":{"self":[{"href":"https:\/\/menreva.com\/index.php?rest_route=\/wp\/v2\/pages\/3780","targetHints":{"allow":["GET"]}}],"collection":[{"href":"https:\/\/menreva.com\/index.php?rest_route=\/wp\/v2\/pages"}],"about":[{"href":"https:\/\/menreva.com\/index.php?rest_route=\/wp\/v2\/types\/page"}],"author":[{"embeddable":true,"href":"https:\/\/menreva.com\/index.php?rest_route=\/wp\/v2\/users\/1"}],"replies":[{"embeddable":true,"href":"https:\/\/menreva.com\/index.php?rest_route=%2Fwp%2Fv2%2Fcomments&post=3780"}],"version-history":[{"count":5,"href":"https:\/\/menreva.com\/index.php?rest_route=\/wp\/v2\/pages\/3780\/revisions"}],"predecessor-version":[{"id":3789,"href":"https:\/\/menreva.com\/index.php?rest_route=\/wp\/v2\/pages\/3780\/revisions\/3789"}],"wp:attachment":[{"href":"https:\/\/menreva.com\/index.php?rest_route=%2Fwp%2Fv2%2Fmedia&parent=3780"}],"curies":[{"name":"wp","href":"https:\/\/api.w.org\/{rel}","templated":true}]}}