{"id":62,"date":"2015-05-13T14:34:32","date_gmt":"2015-05-13T13:34:32","guid":{"rendered":"http:\/\/menreva.com\/?page_id=62"},"modified":"2016-11-23T22:48:46","modified_gmt":"2016-11-23T21:48:46","slug":"contact","status":"publish","type":"page","link":"https:\/\/menreva.com\/?page_id=62","title":{"rendered":"Contact"},"content":{"rendered":"<p><section   class=\"fw-main-row-custom fw-main-row-top fw-section-no-padding  fw_theme_bg_fw-custom fw-section-image fw-section-height-sm fw-content-vertical-align-middle fw-section-position-back tf-sh-6cca615e4127beaaa73ed1b5a7683aac\"  style=\" background-image:url(\/\/menreva.com\/wp-content\/uploads\/2016\/07\/Image-26-05-2016-at-19.16.jpg); background-repeat: no-repeat; background-position: center center; background-size: auto;\"  >\n\t\t<div class=\"fw-main-row-overlay fw_theme_bg_color_1\" style=\"opacity: 0.1;\"><\/div>\t<div class=\"fw-container-fluid\" >\n\t\t<div class=\"fw-row\">\n\t<div id=\"column-69e1627caa326\" class=\"fw-col-sm-12 tf-sh-27d934736df424d0d540306568ccae2f column-text-block\" >\n\t<div class=\"fw-wrap-col-inner clearfix  \"   >\n\t\t\t\t<div class=\"fw-col-inner\">\n\t\t\t<div class=\"fw-heading fw-heading-center  fw-heading-with-subtitle tf-sh-e0095bd9f79158b7393254d3af89c32b\" >\n\t\t\t<h1 class=\"fw-special-title\">Et si nous prenions rendez vous ?<\/h1>\n\t\n\t\n\t\t\t<div class=\"fw-special-subtitle\">Dites nous comment nous pouvons vous aider...<\/div>\n\t<\/div>\t\t<\/div>\n\t<\/div>\n<\/div><\/div>\n\n\t<\/div>\n\t<\/section><section   class=\"fw-main-row-custom fw-section-no-padding  fw_theme_bg_fw-custom fw-section-image auto  fw-section-position-back tf-sh-da51dcbd37d2c386b387ab2f3a92d63c\"  style=\" background-image:url(\/\/menreva.com\/wp-content\/uploads\/2016\/06\/Canal-Venise.gif); background-repeat: no-repeat; background-position: center center; background-size: cover;\"  >\n\t\t\t<div class=\"fw-container\" >\n\t\t<div class=\"fw-row\">\n\t<div id=\"column-69e1627caa993\" class=\"fw-col-sm-12 tf-sh-16022b4ce35d1ac6dd2e879224b38824\" >\n\t<div class=\"fw-wrap-col-inner clearfix  \"   >\n\t\t\t\t<div class=\"fw-col-inner\">\n\t\t\t<div class=\"fw-heading fw-heading-center  fw-heading-with-subtitle tf-sh-47cf2567725bb042341876e9b7162545\" >\n\t\t\t<h3 class=\"fw-special-title\">Un projet, Une id\u00e9e, Un avis, <\/h3>\n\t\n\t\n\t\t\t<div class=\"fw-special-subtitle\">n'h\u00e9sitez pas \u00e0 nous en parler ...<\/div>\n\t<\/div>\t\t<\/div>\n\t<\/div>\n<\/div><\/div>\n\n<div class=\"fw-row\">\n\t<div id=\"column-69e1627caac31\" class=\"fw-col-sm-2 fw-col-md-3 fw-mobile-hide-element tf-sh-69ddf2c9ceb707ef2ead8a452a3b9f50\" >\n\t<div class=\"fw-wrap-col-inner clearfix  \"   >\n\t\t\t\t<div class=\"fw-col-inner\">\n\t\t\t<div class=\"fw-text-box tf-sh-50aa6bbc8f0e4178847e840e54d6699d  fw-mobile-hide-element\" >\n\t<div class=\"fw-text-inner\">\n\t\t<p><span style=\"color: #ee5c34;\">\u00a9 2016 Menreva, soci\u00e9t\u00e9 anonyme simplifi\u00e9e. <\/span><\/p>\n<p><span style=\"color: #ee5c34;\">RCS Nanterre 820 124 048<\/p>\n<p><span style=\"color: #ee5c34;\">Tous droits r\u00e9serv\u00e9s. Imprim\u00e9 en France.<\/span><\/p>\n<p><span style=\"color: #ee5c34;\">Les noms Menreva, Menreva Management Consulting, le logo et \"L\u2019exp\u00e9rience au service de vos enjeux de strat\u00e9gie op\u00e9rationnelle\" sont des marques d\u00e9pos\u00e9es.<\/span><\/p>\n\t<\/div>\n<\/div>\t\t<\/div>\n\t<\/div>\n<\/div><div id=\"column-69e1627caaf5b\" class=\"fw-col-sm-8 fw-col-md-6 tf-sh-ed1aa21da876947e3ebccba88ba9a298  fw-animated-element\" data-animation-type=\"fadeInUp\" data-animation-delay=\"200\">\n\t<div class=\"fw-wrap-col-inner clearfix  \"   >\n\t\t\t\t<div class=\"fw-col-inner\">\n\t\t\t<div class=\"fw-contact-form tf-sh-contact-form-5577f2bf5a22b \" data-redirect-page=\"\">\n\t<div class=\"fw-row wrap-forms wrap-contact-forms\">\n\t\t<form data-fw-form-id=\"fw_form\" method=\"post\" action=\"https:\/\/menreva.com\/index.php?rest_route=%2Fwp%2Fv2%2Fpages%2F62\" class=\"fw_form_fw_form\" data-fw-ext-forms-type=\"contact-forms\"  ><input type=\"hidden\" name=\"fwf\" value=\"fw_form\" \/><input type=\"hidden\" id=\"_nonce_3a279e984d9daed1f06144840870037b\" name=\"_nonce_3a279e984d9daed1f06144840870037b\" value=\"36ea11bb74\" \/><input type=\"hidden\" name=\"_wp_http_referer\" value=\"\/index.php?rest_route=%2Fwp%2Fv2%2Fpages%2F62\" \/><input type=\"hidden\" name=\"fw_ext_forms_form_type\" value=\"contact-forms\" \/><input type=\"hidden\" name=\"fw_ext_forms_form_id\" value=\"contact-form-5577f2bf5a22b\" \/><div class=\"fw-row\"><\/div><div class=\"fw-row\"><div class=\"fw-col-xs-12 fw-col-sm-6 form-builder-item\">\n\t<div class=\"field-text\">\n\t\t\t\t\t<label for=\"id-1\">Nom - Pr\u00e9nom\t\t\t\t<sup>*<\/sup>\t\t\t<\/label>\n\t\t\t\t<input type=\"text\" name=\"text_3d519e3\" placeholder=\"Votre Nom et Votre Pr\u00e9nom\" value=\"\" id=\"id-1\" class=\"required\" >\n\t\t\t<\/div>\n<\/div>\t<div class=\"fw-col-xs-12 fw-col-sm-6 form-builder-item\">\n\t\t<div class=\"field-select\">\n\t\t\t\t\t\t\t<label for=\"id-2\">Vous \u00eates :\t\t\t\t\t<sup>*<\/sup>\t\t\t\t<\/label>\n\t\t\t\t\t\t<select class=\"select-field\" name=\"select_311a642\" id=\"id-2\"  >\n\t\t\t\t\t\t\t\t\t<option value=\"Directeur G\u00e9n\u00e9ral ou Op\u00e9rationnel\"  >Directeur G\u00e9n\u00e9ral ou Op\u00e9rationnel<\/option>\n\t\t\t\t\t\t\t\t\t<option value=\"Directeur de la Transformation\"  >Directeur de la Transformation<\/option>\n\t\t\t\t\t\t\t\t\t<option value=\"Directeur Financier ou Contr\u00f4le de Gestion\"  >Directeur Financier ou Contr\u00f4le de Gestion<\/option>\n\t\t\t\t\t\t\t\t\t<option value=\"Directeur Informatique ou Data Manager\"  >Directeur Informatique ou Data Manager<\/option>\n\t\t\t\t\t\t\t\t\t<option value=\"Consultant - Prestataire de Services - Journaliste\"  >Consultant - Prestataire de Services - Journaliste<\/option>\n\t\t\t\t\t\t\t\t\t<option value=\"Autre \"  >Autre <\/option>\n\t\t\t\t\t\t\t<\/select>\n\t\t\t\t\t<\/div>\n\t<\/div>\n<\/div><div class=\"fw-row\"><div class=\"fw-col-xs-12 fw-col-sm-6 form-builder-item\">\n\t<div class=\"field-text\">\n\t\t\t\t\t<label for=\"id-3\">Email\t\t\t\t<sup>*<\/sup>\t\t\t<\/label>\n\t\t\t\t<input type=\"text\" name=\"text_b5c5202\" placeholder=\"Votre Adresse \u00e9lectonique\" value=\"\" id=\"id-3\" class=\"required\" >\n\t\t\t<\/div>\n<\/div><div class=\"fw-col-xs-12 fw-col-sm-6 form-builder-item\">\n\t<div class=\"field-text\">\n\t\t\t\t\t<label for=\"id-4\">T\u00e9l\u00e9phone\t\t\t\t\t\t\t<\/label>\n\t\t\t\t<input type=\"text\" name=\"number_c8cdecd\" placeholder=\"Votre T\u00e9l\u00e9phone\" value=\"\" id=\"id-4\" data-constraint=\"{&quot;type&quot;:&quot;value&quot;,&quot;data&quot;:{&quot;min&quot;:0,&quot;max&quot;:0}}\" >\n\t\t\t<\/div>\n<\/div><\/div><div class=\"fw-row\">\t<div class=\"fw-col-xs-12 fw-col-sm-6 form-builder-item\">\n\t\t<div class=\"field-select\">\n\t\t\t\t\t\t\t<label for=\"id-5\">Vous avez-un projet ?\t\t\t\t\t<sup>*<\/sup>\t\t\t\t<\/label>\n\t\t\t\t\t\t<select class=\"select-field\" name=\"select_b02de68\" id=\"id-5\"  >\n\t\t\t\t\t\t\t\t\t<option value=\"Oui \"  >Oui <\/option>\n\t\t\t\t\t\t\t\t\t<option value=\"Peut-\u00eatre\"  >Peut-\u00eatre<\/option>\n\t\t\t\t\t\t\t\t\t<option value=\"Pas encore formalis\u00e9\"  >Pas encore formalis\u00e9<\/option>\n\t\t\t\t\t\t\t<\/select>\n\t\t\t\t\t<\/div>\n\t<\/div>\n<div class=\"fw-col-xs-12 fw-col-sm-6 form-builder-item\">\n\t<div class=\"field-text\">\n\t\t\t\t\t<label for=\"id-6\">Soci\u00e9t\u00e9\t\t\t\t\t\t\t<\/label>\n\t\t\t\t<input type=\"text\" name=\"text_325d9eb\" placeholder=\"Votre Soci\u00e9t\u00e9\" value=\"\" id=\"id-6\" >\n\t\t\t<\/div>\n<\/div><\/div><div class=\"fw-row\"><div class=\"fw-col-xs-12 form-builder-item\">\n\t<div class=\"field-textarea\">\n\t\t\t\t\t<label for=\"id-7\">Message\t\t\t\t<sup>*<\/sup>\t\t\t<\/label>\n\t\t\t\t<textarea name=\"textarea_833c966\" placeholder=\"Votre Message\" id=\"id-7\" data-constraint=\"{&quot;type&quot;:&quot;characters&quot;,&quot;data&quot;:{&quot;min&quot;:10,&quot;max&quot;:&quot;&quot;}}\" class=\"required\" >10 caract\u00e8res minimum<\/textarea>\n\t\t\t<\/div>\n<\/div><\/div><div class=\"fw-row\"><div class=\"fw-col-xs-12 fw-col-sm-6 form-builder-item\">\n\t<div class=\"field-recaptcha\">\n\t\t<label>Recaptcha<\/label>\n\t\t<input type=\"hidden\" name=\"recaptcha_e16b812\">\n\t\t<div class=\"form-builder-item-recaptcha\" ><\/div>\n\t<\/div>\n<\/div><\/div><div class=\"fw-row\">\n\t\t\t<div class=\"fw-col-sm-12 field-submit text-center\">\n\t\t\t<button type=\"submit\" class=\"fw-btn  fw-btn-md fw-btn-1\" style=\"\">\n\t\t\t\t<span>\n\t\t\t\t\t\t\t\t\t\t\tEnvoyez\t\t\t\t\t\t\t\t\t<\/span>\n\t\t\t<\/button>\n\t\t<\/div>\n\t<\/div><\/form>\t<\/div>\n<\/div>\t\t<\/div>\n\t<\/div>\n<\/div><div id=\"column-69e1627cac2bd\" class=\"fw-col-sm-2 fw-col-md-3 tf-sh-c38058ab5bddd6e302c8a54f436f947b\" >\n\t<div class=\"fw-wrap-col-inner clearfix  \"   >\n\t\t\t\t<div class=\"fw-col-inner\">\n\t\t\t<div class=\"fw-text-box tf-sh-71663d358511dcc6a98187e8fe1abc98 \" >\n\t<div class=\"fw-text-inner\">\n\t\t<p><a href=\"https:\/\/menreva.com\/wp-content\/uploads\/2016\/06\/Logo_YellowRed_2_300.png\"><img loading=\"lazy\" decoding=\"async\" class=\"alignnone wp-image-2733\" src=\"https:\/\/menreva.com\/wp-content\/uploads\/2016\/06\/Logo_YellowRed_2_300-300x118.png\" alt=\"Logo_YellowRed_2_300\" width=\"168\" height=\"66\" srcset=\"https:\/\/menreva.com\/wp-content\/uploads\/2016\/06\/Logo_YellowRed_2_300.png 300w, https:\/\/menreva.com\/wp-content\/uploads\/2016\/06\/Logo_YellowRed_2_300-295x118.png 295w\" sizes=\"auto, (max-width: 168px) 100vw, 168px\" \/><\/a><\/p>\n<p><span style=\"color: #ee5c34;\">Patrick GIRARD<\/span><\/p>\n<p><span style=\"color: #ee5c34;\">35 rue Jean Jacques Rousseau <\/span><\/p>\n<p><span style=\"color: #ee5c34;\">92150 Suresnes<\/span><\/p>\n<p><span style=\"color: #ee5c34;\">Tel : +33 6 09 38 16 61<\/span><\/p>\n<p><span style=\"color: #ee5c34;\">pgirard @ menreva.com <\/span><\/p>\n\t<\/div>\n<\/div>\t\t<\/div>\n\t<\/div>\n<\/div><\/div>\n\n<div class=\"fw-row\">\n\t<div id=\"column-69e1627cac50f\" class=\"fw-col-sm-12 tf-sh-477dbeaa5f198ae815fa6b9befeba69a\" >\n\t<div class=\"fw-wrap-col-inner clearfix  \"   >\n\t\t\t\t<div class=\"fw-col-inner\">\n\t\t\t\t\t<\/div>\n\t<\/div>\n<\/div><\/div>\n\n<div class=\"fw-row\">\n\t<div id=\"column-69e1627cac6a4\" class=\"fw-col-sm-12 tf-sh-f974f55014882d122416a04eb00abd5b\" >\n\t<div class=\"fw-wrap-col-inner clearfix  \"   >\n\t\t\t\t<div class=\"fw-col-inner\">\n\t\t\t<div class=\"fw-divider-space space-md  clearfix\"  ><\/div>\t\t<\/div>\n\t<\/div>\n<\/div><\/div>\n\n\t<\/div>\n\t<\/section><\/p>\n","protected":false},"excerpt":{"rendered":"<p>Et si nous prenions rendez vous ? Dites nous comment nous pouvons vous aider&#8230; Un projet, Une id\u00e9e, Un avis, n&rsquo;h\u00e9sitez pas \u00e0 nous en parler &#8230; \u00a9 2016 Menreva, soci\u00e9t\u00e9 anonyme simplifi\u00e9e. RCS Nanterre 820 124 048 Tous droits r\u00e9serv\u00e9s. Imprim\u00e9 en France. Les noms Menreva, Menreva Management Consulting, le logo et \u00ab\u00a0L\u2019exp\u00e9rience au [&hellip;]<\/p>\n","protected":false},"author":1,"featured_media":0,"parent":0,"menu_order":0,"comment_status":"closed","ping_status":"closed","template":"visual-builder-template.php","meta":{"_monsterinsights_skip_tracking":false,"_monsterinsights_sitenote_active":false,"_monsterinsights_sitenote_note":"","_monsterinsights_sitenote_category":0,"footnotes":""},"class_list":["post-62","page","type-page","status-publish","hentry"],"aioseo_notices":[],"_links":{"self":[{"href":"https:\/\/menreva.com\/index.php?rest_route=\/wp\/v2\/pages\/62","targetHints":{"allow":["GET"]}}],"collection":[{"href":"https:\/\/menreva.com\/index.php?rest_route=\/wp\/v2\/pages"}],"about":[{"href":"https:\/\/menreva.com\/index.php?rest_route=\/wp\/v2\/types\/page"}],"author":[{"embeddable":true,"href":"https:\/\/menreva.com\/index.php?rest_route=\/wp\/v2\/users\/1"}],"replies":[{"embeddable":true,"href":"https:\/\/menreva.com\/index.php?rest_route=%2Fwp%2Fv2%2Fcomments&post=62"}],"version-history":[{"count":5,"href":"https:\/\/menreva.com\/index.php?rest_route=\/wp\/v2\/pages\/62\/revisions"}],"predecessor-version":[{"id":3826,"href":"https:\/\/menreva.com\/index.php?rest_route=\/wp\/v2\/pages\/62\/revisions\/3826"}],"wp:attachment":[{"href":"https:\/\/menreva.com\/index.php?rest_route=%2Fwp%2Fv2%2Fmedia&parent=62"}],"curies":[{"name":"wp","href":"https:\/\/api.w.org\/{rel}","templated":true}]}}